{"id":151,"date":"2019-02-26T08:59:12","date_gmt":"2019-02-26T07:59:12","guid":{"rendered":"https:\/\/det24.pl\/?page_id=151"},"modified":"2019-07-18T09:43:56","modified_gmt":"2019-07-18T07:43:56","slug":"about-us","status":"publish","type":"page","link":"https:\/\/det24.pl\/en\/","title":{"rendered":"About Us"},"content":{"rendered":"\n<p>Our detective agency is created by a team with many years of experience. We have already provided practically every kind of detective affairs &#8211; from matters related to marital betrayals, looking after children through the control of sick leaves at the request of employers to searching for missing and abducted people.<\/p>\n\n\n\n<p>We have an entry in the register of regulative activities of the Ministry of the Interior and all our employees are licensed detectives. <\/p>\n\n\n\n<p>We use the highest quality equipment such as: specialized drones, microcameras, mega zoom cameras with the highest world parameters, waterproof cameras, directional microphones, night vision cameras. Thanks to this, we are able to realize the material in all possible conditions.<\/p>\n\n\n\n<p>Our agency co-operate with reputed law firms throughout the whole country.<\/p>\n","protected":false},"excerpt":{"rendered":"<p>Our detective agency is created by a team with many years of experience. We have already provided practically every kind of detective affairs &#8211; from matters related to marital betrayals, looking after children through the control of sick leaves at the request of employers to searching for missing and abducted people. We have an entry [&hellip;]<\/p>\n","protected":false},"author":1,"featured_media":0,"parent":0,"menu_order":0,"comment_status":"closed","ping_status":"open","template":"","meta":[],"acf":[],"yoast_head":"<!-- This site is optimized with the Yoast SEO plugin v17.4 - https:\/\/yoast.com\/wordpress\/plugins\/seo\/ -->\n<title>About Us | Private detective | Det24<\/title>\n<meta name=\"description\" content=\"Prywatny detektyw Krak\u00f3w : dokumentowanie zdrad ma\u0142\u017ce\u0144skich na potrzeby rozwodu z orzeczeniem winy, opieki nad dzie\u0107mi, inne sprawy rodzinne, DNA, L4\" \/>\n<meta name=\"robots\" content=\"index, follow, max-snippet:-1, max-image-preview:large, max-video-preview:-1\" \/>\n<link rel=\"canonical\" href=\"https:\/\/det24.pl\/en\/about-us\/\" \/>\n<meta property=\"og:locale\" content=\"en_US\" \/>\n<meta property=\"og:type\" content=\"article\" \/>\n<meta property=\"og:title\" content=\"About Us | Private detective | Det24\" \/>\n<meta property=\"og:description\" content=\"Prywatny detektyw Krak\u00f3w : dokumentowanie zdrad ma\u0142\u017ce\u0144skich na potrzeby rozwodu z orzeczeniem winy, opieki nad dzie\u0107mi, inne sprawy rodzinne, DNA, L4\" \/>\n<meta property=\"og:url\" content=\"https:\/\/det24.pl\/en\/about-us\/\" \/>\n<meta property=\"og:site_name\" content=\"Det24\" \/>\n<meta property=\"article:modified_time\" content=\"2019-07-18T07:43:56+00:00\" \/>\n<meta name=\"twitter:card\" content=\"summary_large_image\" \/>\n<meta name=\"twitter:label1\" content=\"Est. reading time\" \/>\n\t<meta name=\"twitter:data1\" content=\"1 minute\" \/>\n<script type=\"application\/ld+json\" class=\"yoast-schema-graph\">{\"@context\":\"https:\/\/schema.org\",\"@graph\":[{\"@type\":\"Organization\",\"@id\":\"https:\/\/det24.pl\/#organization\",\"name\":\"Biuro Detektywistyczne Det24\",\"url\":\"https:\/\/det24.pl\/\",\"sameAs\":[],\"logo\":{\"@type\":\"ImageObject\",\"@id\":\"https:\/\/det24.pl\/#logo\",\"inLanguage\":\"en-US\",\"url\":\"https:\/\/det24.pl\/wp-content\/uploads\/2019\/02\/logo2-s.png\",\"contentUrl\":\"https:\/\/det24.pl\/wp-content\/uploads\/2019\/02\/logo2-s.png\",\"width\":322,\"height\":69,\"caption\":\"Biuro Detektywistyczne Det24\"},\"image\":{\"@id\":\"https:\/\/det24.pl\/#logo\"}},{\"@type\":\"WebSite\",\"@id\":\"https:\/\/det24.pl\/#website\",\"url\":\"https:\/\/det24.pl\/\",\"name\":\"Det24\",\"description\":\"Prywatny Detektyw Krak\\u00f3w\",\"publisher\":{\"@id\":\"https:\/\/det24.pl\/#organization\"},\"potentialAction\":[{\"@type\":\"SearchAction\",\"target\":{\"@type\":\"EntryPoint\",\"urlTemplate\":\"https:\/\/det24.pl\/?s={search_term_string}\"},\"query-input\":\"required name=search_term_string\"}],\"inLanguage\":\"en-US\"},{\"@type\":\"WebPage\",\"@id\":\"https:\/\/det24.pl\/en\/about-us\/#webpage\",\"url\":\"https:\/\/det24.pl\/en\/about-us\/\",\"name\":\"About Us | Private detective | Det24\",\"isPartOf\":{\"@id\":\"https:\/\/det24.pl\/#website\"},\"datePublished\":\"2019-02-26T07:59:12+00:00\",\"dateModified\":\"2019-07-18T07:43:56+00:00\",\"description\":\"Prywatny detektyw Krak\\u00f3w : dokumentowanie zdrad ma\\u0142\\u017ce\\u0144skich na potrzeby rozwodu z orzeczeniem winy, opieki nad dzie\\u0107mi, inne sprawy rodzinne, DNA, L4\",\"breadcrumb\":{\"@id\":\"https:\/\/det24.pl\/en\/about-us\/#breadcrumb\"},\"inLanguage\":\"en-US\",\"potentialAction\":[{\"@type\":\"ReadAction\",\"target\":[\"https:\/\/det24.pl\/en\/about-us\/\"]}]},{\"@type\":\"BreadcrumbList\",\"@id\":\"https:\/\/det24.pl\/en\/about-us\/#breadcrumb\",\"itemListElement\":[{\"@type\":\"ListItem\",\"position\":1,\"name\":\"Strona g\\u0142\\u00f3wna\",\"item\":\"https:\/\/det24.pl\/en\/about-us\/\"},{\"@type\":\"ListItem\",\"position\":2,\"name\":\"About Us\"}]}]}<\/script>\n<!-- \/ Yoast SEO plugin. -->","yoast_head_json":{"title":"About Us | Private detective | Det24","description":"Prywatny detektyw Krak\u00f3w : dokumentowanie zdrad ma\u0142\u017ce\u0144skich na potrzeby rozwodu z orzeczeniem winy, opieki nad dzie\u0107mi, inne sprawy rodzinne, DNA, L4","robots":{"index":"index","follow":"follow","max-snippet":"max-snippet:-1","max-image-preview":"max-image-preview:large","max-video-preview":"max-video-preview:-1"},"canonical":"https:\/\/det24.pl\/en\/about-us\/","og_locale":"en_US","og_type":"article","og_title":"About Us | Private detective | Det24","og_description":"Prywatny detektyw Krak\u00f3w : dokumentowanie zdrad ma\u0142\u017ce\u0144skich na potrzeby rozwodu z orzeczeniem winy, opieki nad dzie\u0107mi, inne sprawy rodzinne, DNA, L4","og_url":"https:\/\/det24.pl\/en\/about-us\/","og_site_name":"Det24","article_modified_time":"2019-07-18T07:43:56+00:00","twitter_card":"summary_large_image","twitter_misc":{"Est. reading time":"1 minute"},"schema":{"@context":"https:\/\/schema.org","@graph":[{"@type":"Organization","@id":"https:\/\/det24.pl\/#organization","name":"Biuro Detektywistyczne Det24","url":"https:\/\/det24.pl\/","sameAs":[],"logo":{"@type":"ImageObject","@id":"https:\/\/det24.pl\/#logo","inLanguage":"en-US","url":"https:\/\/det24.pl\/wp-content\/uploads\/2019\/02\/logo2-s.png","contentUrl":"https:\/\/det24.pl\/wp-content\/uploads\/2019\/02\/logo2-s.png","width":322,"height":69,"caption":"Biuro Detektywistyczne Det24"},"image":{"@id":"https:\/\/det24.pl\/#logo"}},{"@type":"WebSite","@id":"https:\/\/det24.pl\/#website","url":"https:\/\/det24.pl\/","name":"Det24","description":"Prywatny Detektyw Krak\u00f3w","publisher":{"@id":"https:\/\/det24.pl\/#organization"},"potentialAction":[{"@type":"SearchAction","target":{"@type":"EntryPoint","urlTemplate":"https:\/\/det24.pl\/?s={search_term_string}"},"query-input":"required name=search_term_string"}],"inLanguage":"en-US"},{"@type":"WebPage","@id":"https:\/\/det24.pl\/en\/about-us\/#webpage","url":"https:\/\/det24.pl\/en\/about-us\/","name":"About Us | Private detective | Det24","isPartOf":{"@id":"https:\/\/det24.pl\/#website"},"datePublished":"2019-02-26T07:59:12+00:00","dateModified":"2019-07-18T07:43:56+00:00","description":"Prywatny detektyw Krak\u00f3w : dokumentowanie zdrad ma\u0142\u017ce\u0144skich na potrzeby rozwodu z orzeczeniem winy, opieki nad dzie\u0107mi, inne sprawy rodzinne, DNA, L4","breadcrumb":{"@id":"https:\/\/det24.pl\/en\/about-us\/#breadcrumb"},"inLanguage":"en-US","potentialAction":[{"@type":"ReadAction","target":["https:\/\/det24.pl\/en\/about-us\/"]}]},{"@type":"BreadcrumbList","@id":"https:\/\/det24.pl\/en\/about-us\/#breadcrumb","itemListElement":[{"@type":"ListItem","position":1,"name":"Strona g\u0142\u00f3wna","item":"https:\/\/det24.pl\/en\/about-us\/"},{"@type":"ListItem","position":2,"name":"About Us"}]}]}},"_links":{"self":[{"href":"https:\/\/det24.pl\/en\/wp-json\/wp\/v2\/pages\/151\/"}],"collection":[{"href":"https:\/\/det24.pl\/en\/wp-json\/wp\/v2\/pages\/"}],"about":[{"href":"https:\/\/det24.pl\/en\/wp-json\/wp\/v2\/types\/page\/"}],"author":[{"embeddable":true,"href":"https:\/\/det24.pl\/en\/wp-json\/wp\/v2\/users\/1\/"}],"replies":[{"embeddable":true,"href":"https:\/\/det24.pl\/en\/wp-json\/wp\/v2\/comments\/?post=151"}],"version-history":[{"count":1,"href":"https:\/\/det24.pl\/en\/wp-json\/wp\/v2\/pages\/151\/revisions\/"}],"predecessor-version":[{"id":431,"href":"https:\/\/det24.pl\/en\/wp-json\/wp\/v2\/pages\/151\/revisions\/431\/"}],"wp:attachment":[{"href":"https:\/\/det24.pl\/en\/wp-json\/wp\/v2\/media\/?parent=151"}],"curies":[{"name":"wp","href":"https:\/\/api.w.org\/{rel}","templated":true}]}}