{"id":68,"date":"2019-02-15T13:21:51","date_gmt":"2019-02-15T12:21:51","guid":{"rendered":"https:\/\/det24.pl\/?page_id=68"},"modified":"2019-07-18T09:20:31","modified_gmt":"2019-07-18T07:20:31","slug":"home","status":"publish","type":"page","link":"https:\/\/det24.pl\/en\/home\/","title":{"rendered":"Home"},"content":{"rendered":"","protected":false},"excerpt":{"rendered":"","protected":false},"author":1,"featured_media":0,"parent":0,"menu_order":0,"comment_status":"closed","ping_status":"open","template":"","meta":[],"acf":[],"yoast_head":"<!-- This site is optimized with the Yoast SEO plugin v17.4 - https:\/\/yoast.com\/wordpress\/plugins\/seo\/ -->\n<title>Private detective - Detective services Cracow | Det24.pl<\/title>\n<meta name=\"description\" content=\"Prywatny detektyw : sprawy rodzinne, dokumentowanie zdrad ma\u0142\u017ce\u0144skich, opieki nad dzie\u0107mi, uprowadzenia rodzicielskie, DNA, kontrola L4\" \/>\n<meta name=\"robots\" content=\"index, follow, max-snippet:-1, max-image-preview:large, max-video-preview:-1\" \/>\n<link rel=\"canonical\" href=\"https:\/\/det24.pl\/en\/\" \/>\n<meta property=\"og:locale\" content=\"en_US\" \/>\n<meta property=\"og:type\" content=\"article\" \/>\n<meta property=\"og:title\" content=\"Private detective - Detective services Cracow | Det24.pl\" \/>\n<meta property=\"og:description\" content=\"Prywatny detektyw : sprawy rodzinne, dokumentowanie zdrad ma\u0142\u017ce\u0144skich, opieki nad dzie\u0107mi, uprowadzenia rodzicielskie, DNA, kontrola L4\" \/>\n<meta property=\"og:url\" content=\"https:\/\/det24.pl\/en\/\" \/>\n<meta property=\"og:site_name\" content=\"Det24\" \/>\n<meta property=\"article:modified_time\" content=\"2019-07-18T07:20:31+00:00\" \/>\n<meta name=\"twitter:card\" content=\"summary_large_image\" \/>\n<script type=\"application\/ld+json\" class=\"yoast-schema-graph\">{\"@context\":\"https:\/\/schema.org\",\"@graph\":[{\"@type\":\"Organization\",\"@id\":\"https:\/\/det24.pl\/#organization\",\"name\":\"Biuro Detektywistyczne Det24\",\"url\":\"https:\/\/det24.pl\/\",\"sameAs\":[],\"logo\":{\"@type\":\"ImageObject\",\"@id\":\"https:\/\/det24.pl\/#logo\",\"inLanguage\":\"en-US\",\"url\":\"https:\/\/det24.pl\/wp-content\/uploads\/2019\/02\/logo2-s.png\",\"contentUrl\":\"https:\/\/det24.pl\/wp-content\/uploads\/2019\/02\/logo2-s.png\",\"width\":322,\"height\":69,\"caption\":\"Biuro Detektywistyczne Det24\"},\"image\":{\"@id\":\"https:\/\/det24.pl\/#logo\"}},{\"@type\":\"WebSite\",\"@id\":\"https:\/\/det24.pl\/#website\",\"url\":\"https:\/\/det24.pl\/\",\"name\":\"Det24\",\"description\":\"Prywatny Detektyw Krak\\u00f3w\",\"publisher\":{\"@id\":\"https:\/\/det24.pl\/#organization\"},\"potentialAction\":[{\"@type\":\"SearchAction\",\"target\":{\"@type\":\"EntryPoint\",\"urlTemplate\":\"https:\/\/det24.pl\/?s={search_term_string}\"},\"query-input\":\"required name=search_term_string\"}],\"inLanguage\":\"en-US\"},{\"@type\":\"WebPage\",\"@id\":\"https:\/\/det24.pl\/en\/#webpage\",\"url\":\"https:\/\/det24.pl\/en\/\",\"name\":\"Private detective - Detective services Cracow | Det24.pl\",\"isPartOf\":{\"@id\":\"https:\/\/det24.pl\/#website\"},\"datePublished\":\"2019-02-15T12:21:51+00:00\",\"dateModified\":\"2019-07-18T07:20:31+00:00\",\"description\":\"Prywatny detektyw : sprawy rodzinne, dokumentowanie zdrad ma\\u0142\\u017ce\\u0144skich, opieki nad dzie\\u0107mi, uprowadzenia rodzicielskie, DNA, kontrola L4\",\"breadcrumb\":{\"@id\":\"https:\/\/det24.pl\/en\/#breadcrumb\"},\"inLanguage\":\"en-US\",\"potentialAction\":[{\"@type\":\"ReadAction\",\"target\":[\"https:\/\/det24.pl\/en\/\"]}]},{\"@type\":\"BreadcrumbList\",\"@id\":\"https:\/\/det24.pl\/en\/#breadcrumb\",\"itemListElement\":[{\"@type\":\"ListItem\",\"position\":1,\"name\":\"Strona g\\u0142\\u00f3wna\",\"item\":\"https:\/\/det24.pl\/en\/about-us\/\"},{\"@type\":\"ListItem\",\"position\":2,\"name\":\"Home\"}]}]}<\/script>\n<!-- \/ Yoast SEO plugin. -->","yoast_head_json":{"title":"Private detective - Detective services Cracow | Det24.pl","description":"Prywatny detektyw : sprawy rodzinne, dokumentowanie zdrad ma\u0142\u017ce\u0144skich, opieki nad dzie\u0107mi, uprowadzenia rodzicielskie, DNA, kontrola L4","robots":{"index":"index","follow":"follow","max-snippet":"max-snippet:-1","max-image-preview":"max-image-preview:large","max-video-preview":"max-video-preview:-1"},"canonical":"https:\/\/det24.pl\/en\/","og_locale":"en_US","og_type":"article","og_title":"Private detective - Detective services Cracow | Det24.pl","og_description":"Prywatny detektyw : sprawy rodzinne, dokumentowanie zdrad ma\u0142\u017ce\u0144skich, opieki nad dzie\u0107mi, uprowadzenia rodzicielskie, DNA, kontrola L4","og_url":"https:\/\/det24.pl\/en\/","og_site_name":"Det24","article_modified_time":"2019-07-18T07:20:31+00:00","twitter_card":"summary_large_image","schema":{"@context":"https:\/\/schema.org","@graph":[{"@type":"Organization","@id":"https:\/\/det24.pl\/#organization","name":"Biuro Detektywistyczne Det24","url":"https:\/\/det24.pl\/","sameAs":[],"logo":{"@type":"ImageObject","@id":"https:\/\/det24.pl\/#logo","inLanguage":"en-US","url":"https:\/\/det24.pl\/wp-content\/uploads\/2019\/02\/logo2-s.png","contentUrl":"https:\/\/det24.pl\/wp-content\/uploads\/2019\/02\/logo2-s.png","width":322,"height":69,"caption":"Biuro Detektywistyczne Det24"},"image":{"@id":"https:\/\/det24.pl\/#logo"}},{"@type":"WebSite","@id":"https:\/\/det24.pl\/#website","url":"https:\/\/det24.pl\/","name":"Det24","description":"Prywatny Detektyw Krak\u00f3w","publisher":{"@id":"https:\/\/det24.pl\/#organization"},"potentialAction":[{"@type":"SearchAction","target":{"@type":"EntryPoint","urlTemplate":"https:\/\/det24.pl\/?s={search_term_string}"},"query-input":"required name=search_term_string"}],"inLanguage":"en-US"},{"@type":"WebPage","@id":"https:\/\/det24.pl\/en\/#webpage","url":"https:\/\/det24.pl\/en\/","name":"Private detective - Detective services Cracow | Det24.pl","isPartOf":{"@id":"https:\/\/det24.pl\/#website"},"datePublished":"2019-02-15T12:21:51+00:00","dateModified":"2019-07-18T07:20:31+00:00","description":"Prywatny detektyw : sprawy rodzinne, dokumentowanie zdrad ma\u0142\u017ce\u0144skich, opieki nad dzie\u0107mi, uprowadzenia rodzicielskie, DNA, kontrola L4","breadcrumb":{"@id":"https:\/\/det24.pl\/en\/#breadcrumb"},"inLanguage":"en-US","potentialAction":[{"@type":"ReadAction","target":["https:\/\/det24.pl\/en\/"]}]},{"@type":"BreadcrumbList","@id":"https:\/\/det24.pl\/en\/#breadcrumb","itemListElement":[{"@type":"ListItem","position":1,"name":"Strona g\u0142\u00f3wna","item":"https:\/\/det24.pl\/en\/about-us\/"},{"@type":"ListItem","position":2,"name":"Home"}]}]}},"_links":{"self":[{"href":"https:\/\/det24.pl\/en\/wp-json\/wp\/v2\/pages\/68\/"}],"collection":[{"href":"https:\/\/det24.pl\/en\/wp-json\/wp\/v2\/pages\/"}],"about":[{"href":"https:\/\/det24.pl\/en\/wp-json\/wp\/v2\/types\/page\/"}],"author":[{"embeddable":true,"href":"https:\/\/det24.pl\/en\/wp-json\/wp\/v2\/users\/1\/"}],"replies":[{"embeddable":true,"href":"https:\/\/det24.pl\/en\/wp-json\/wp\/v2\/comments\/?post=68"}],"version-history":[{"count":1,"href":"https:\/\/det24.pl\/en\/wp-json\/wp\/v2\/pages\/68\/revisions\/"}],"predecessor-version":[{"id":426,"href":"https:\/\/det24.pl\/en\/wp-json\/wp\/v2\/pages\/68\/revisions\/426\/"}],"wp:attachment":[{"href":"https:\/\/det24.pl\/en\/wp-json\/wp\/v2\/media\/?parent=68"}],"curies":[{"name":"wp","href":"https:\/\/api.w.org\/{rel}","templated":true}]}}